{"id":16,"date":"2025-03-05T19:04:06","date_gmt":"2025-03-05T18:04:06","guid":{"rendered":"https:\/\/www.fontun.com\/?page_id=16"},"modified":"2026-03-02T17:35:43","modified_gmt":"2026-03-02T16:35:43","slug":"inicio2","status":"publish","type":"page","link":"https:\/\/www.fontun.com\/","title":{"rendered":"Inicio"},"content":{"rendered":"\n<div class=\"wp-block-cover alignfull\" style=\"min-height:800px;aspect-ratio:unset;\"><img fetchpriority=\"high\" decoding=\"async\" width=\"1024\" height=\"683\" class=\"wp-block-cover__image-background wp-image-183 size-large\" alt=\"\" src=\"https:\/\/www.fontun.com\/wp-content\/uploads\/2025\/04\/fotis-fotopoulos-DuHKoV44prg-unsplash-1024x683.jpg\" data-object-fit=\"cover\" srcset=\"https:\/\/www.fontun.com\/wp-content\/uploads\/2025\/04\/fotis-fotopoulos-DuHKoV44prg-unsplash-1024x683.jpg 1024w, https:\/\/www.fontun.com\/wp-content\/uploads\/2025\/04\/fotis-fotopoulos-DuHKoV44prg-unsplash-300x200.jpg 300w, https:\/\/www.fontun.com\/wp-content\/uploads\/2025\/04\/fotis-fotopoulos-DuHKoV44prg-unsplash-768x512.jpg 768w, https:\/\/www.fontun.com\/wp-content\/uploads\/2025\/04\/fotis-fotopoulos-DuHKoV44prg-unsplash-1536x1024.jpg 1536w, https:\/\/www.fontun.com\/wp-content\/uploads\/2025\/04\/fotis-fotopoulos-DuHKoV44prg-unsplash-2048x1365.jpg 2048w\" sizes=\"(max-width: 1024px) 100vw, 1024px\" \/><span aria-hidden=\"true\" class=\"wp-block-cover__background has-background-dim-60 has-background-dim\"><\/span><div class=\"wp-block-cover__inner-container is-layout-flow wp-block-cover-is-layout-flow\">\n<div class=\"wp-block-uagb-container uagb-block-7aa92e6f default uagb-is-root-container\">\n<div class=\"wp-block-uagb-container uagb-block-c6f04c07\">\n<div class=\"wp-block-columns has-background is-layout-flex wp-container-core-columns-is-layout-28f84493 wp-block-columns-is-layout-flex\" style=\"background-color:#ffffff73\">\n<div class=\"wp-block-column is-layout-flow wp-block-column-is-layout-flow\">\n<h2 class=\"wp-block-heading has-text-align-center\">Horario :<\/h2>\n\n\n\n<p class=\"has-text-align-center has-ast-global-color-4-color has-text-color has-link-color wp-elements-744653f695dce4b87e9267b6f6004b65\">Ma\u00f1anas: de 10:00 a 14:00 horas<\/p>\n\n\n\n<p class=\"has-text-align-center has-ast-global-color-4-color has-text-color has-link-color wp-elements-efd7370d45da0a1b96ea72fde76babf4\">Tardes: de 17:00 a 20:00<\/p>\n<\/div>\n\n\n\n<div class=\"wp-block-column is-layout-flow wp-block-column-is-layout-flow\">\n<figure class=\"wp-block-image aligncenter size-full\"><a href=\"https:\/\/download.teamviewer.com\/download\/TeamViewerQS_x64.exe\"><img decoding=\"async\" width=\"200\" height=\"60\" src=\"https:\/\/www.fontun.com\/wp-content\/uploads\/2025\/08\/TeamViewer_-logo-e1754044616841.png\" alt=\"\" class=\"wp-image-229\"\/><\/a><figcaption class=\"wp-element-caption\"><a href=\"https:\/\/download.teamviewer.com\/download\/TeamViewerQS_x64.exe\">Asistencia Remota<\/a><\/figcaption><\/figure>\n<\/div>\n\n\n\n<div class=\"wp-block-column is-layout-flow wp-container-core-column-is-layout-b108c007 wp-block-column-is-layout-flow\" style=\"padding-right:0;padding-left:0\">\n<p class=\"has-ast-global-color-4-color has-text-color has-link-color wp-elements-84b4da5170f3bad7ed4acf8ec3f62757\"><strong><br>Direcci\u00f3n:<\/strong>&nbsp;Calle Santos Ovejero n\u00ba 29, 24008, Le\u00f3n<br><strong>Tel\u00e9fono:<\/strong>&nbsp;987 09 10 82<br><strong>M\u00f3vil\/Whatsapp:<\/strong>&nbsp;615 650 777<br><strong>E-mail:<\/strong>&nbsp;info@fontun.com<\/p>\n<\/div>\n<\/div>\n\n\n\n<div style=\"height:80px\" aria-hidden=\"true\" class=\"wp-block-spacer\"><\/div>\n\n\n\n<h1 class=\"wp-block-heading has-text-align-left has-nv-text-dark-bg-color has-text-color\">Tu tranquilidad digital es nuestra prioridad.<\/h1>\n\n\n\n<p class=\"has-text-align-left has-ast-global-color-4-color has-text-color\" style=\"font-size:17px\">En un mundo donde la tecnolog\u00eda avanza a pasos agigantados, nuestra empresa se distingue por un enfoque humano y personalizado. Entendemos que detr\u00e1s de cada pantalla y cada c\u00f3digo, hay personas con necesidades y expectativas \u00fanicas. Por eso, nos esforzamos por construir relaciones s\u00f3lidas con nuestros clientes, ofreciendo soluciones inform\u00e1ticas a medida y un soporte t\u00e9cnico excepcional. No solo resolvemos problemas, sino que tambi\u00e9n brindamos tranquilidad y confianza, convirti\u00e9ndonos en un socio tecnol\u00f3gico confiable que siempre est\u00e1 presente para ayudar.<\/p>\n\n\n\n<div style=\"height:100px\" aria-hidden=\"true\" class=\"wp-block-spacer\"><\/div>\n<\/div>\n<\/div>\n<\/div><\/div>\n\n\n\n<div style=\"height:40px\" aria-hidden=\"true\" class=\"wp-block-spacer\"><\/div>\n\n\n\n<div class=\"wp-block-uagb-advanced-heading uagb-block-88e63e43\"><h2 class=\"uagb-heading-text\">Servicios inform\u00e1ticos<\/h2><\/div>\n\n\n\n<div class=\"wp-block-columns is-layout-flex wp-container-core-columns-is-layout-28f84493 wp-block-columns-is-layout-flex\">\n<div class=\"wp-block-column neve-duotone is-layout-flow wp-block-column-is-layout-flow\" style=\"padding-right:var(--wp--preset--spacing--30);padding-left:var(--wp--preset--spacing--30)\">\n<figure class=\"wp-block-image aligncenter size-full is-resized has-custom-border icon-style is-style-default wp-duotone-unset-1\"><img decoding=\"async\" width=\"512\" height=\"512\" src=\"https:\/\/www.fontun.com\/wp-content\/uploads\/2025\/03\/computadora.png\" alt=\"\" class=\"wp-image-127\" style=\"border-radius:0px;width:80px\" title=\"\"\/><\/figure>\n\n\n\n<div style=\"height:16px\" aria-hidden=\"true\" class=\"wp-block-spacer\"><\/div>\n\n\n\n<h3 class=\"wp-block-heading has-text-align-center has-neve-text-color-color has-text-color\">Mantenimiento inform\u00e1tico<\/h3>\n\n\n\n<p class=\"has-text-align-center\">Porque m\u00e1s vale prevenir. Seas una empresa grande o peque\u00f1a, este servicio te interesa<\/p>\n\n\n\n<div style=\"height:20px\" aria-hidden=\"true\" class=\"wp-block-spacer\"><\/div>\n<\/div>\n\n\n\n<div class=\"wp-block-column is-layout-flow wp-block-column-is-layout-flow\" style=\"padding-right:var(--wp--preset--spacing--30);padding-left:var(--wp--preset--spacing--30)\">\n<figure class=\"wp-block-image aligncenter size-full is-resized has-custom-border icon-style is-style-default\"><img loading=\"lazy\" decoding=\"async\" width=\"512\" height=\"512\" src=\"https:\/\/www.fontun.com\/wp-content\/uploads\/2025\/04\/gestion-de-datos.png\" alt=\"\" class=\"wp-image-144\" style=\"border-radius:0px;width:80px\" title=\"\"\/><\/figure>\n\n\n\n<div style=\"height:16px\" aria-hidden=\"true\" class=\"wp-block-spacer\"><\/div>\n\n\n\n<h3 class=\"wp-block-heading has-text-align-center has-neve-text-color-color has-text-color\">Recuperaci\u00f3n de datos<\/h3>\n\n\n\n<p class=\"has-text-align-center\">Porque no hay nada m\u00e1s importante que nuestros datos<\/p>\n\n\n\n<div style=\"height:20px\" aria-hidden=\"true\" class=\"wp-block-spacer\"><\/div>\n<\/div>\n\n\n\n<div class=\"wp-block-column is-layout-flow wp-block-column-is-layout-flow\" style=\"padding-right:var(--wp--preset--spacing--30);padding-left:var(--wp--preset--spacing--30)\">\n<figure class=\"wp-block-image aligncenter size-full is-resized has-custom-border icon-style is-style-default wp-duotone-unset-2\"><img loading=\"lazy\" decoding=\"async\" width=\"512\" height=\"512\" src=\"https:\/\/www.fontun.com\/wp-content\/uploads\/2025\/03\/ordenador-portatil.png\" alt=\"\" class=\"wp-image-130\" style=\"border-radius:0px;width:80px\" title=\"\"\/><\/figure>\n\n\n\n<div style=\"height:16px\" aria-hidden=\"true\" class=\"wp-block-spacer\"><\/div>\n\n\n\n<h3 class=\"wp-block-heading has-text-align-center has-neve-text-color-color has-text-color\">Venta de material inform\u00e1tico<\/h3>\n\n\n\n<p class=\"has-text-align-center\">Te ayudamos a encontrar la mejor soluci\u00f3n de acuerdo con tus necesidades.<\/p>\n\n\n\n<div style=\"height:20px\" aria-hidden=\"true\" class=\"wp-block-spacer\"><\/div>\n<\/div>\n\n\n\n<div class=\"wp-block-column is-layout-flow wp-block-column-is-layout-flow\" style=\"padding-right:var(--wp--preset--spacing--30);padding-left:var(--wp--preset--spacing--30)\">\n<figure class=\"wp-block-image aligncenter size-full is-resized has-custom-border icon-style is-style-default wp-duotone-unset-3\"><img loading=\"lazy\" decoding=\"async\" width=\"512\" height=\"512\" src=\"https:\/\/www.fontun.com\/wp-content\/uploads\/2025\/03\/navegador.png\" alt=\"\" class=\"wp-image-131\" style=\"border-radius:0px;width:80px\" title=\"\"\/><\/figure>\n\n\n\n<div style=\"height:16px\" aria-hidden=\"true\" class=\"wp-block-spacer\"><\/div>\n\n\n\n<h3 class=\"wp-block-heading has-text-align-center has-neve-text-color-color has-text-color\">Reparaci\u00f3n de ordenadores y tablet <\/h3>\n\n\n\n<p class=\"has-text-align-center\">Te informamos de manera veraz y transparente sobre que opci\u00f3n es mas favorable a tu intereses<\/p>\n\n\n\n<div style=\"height:20px\" aria-hidden=\"true\" class=\"wp-block-spacer\"><\/div>\n<\/div>\n<\/div>\n\n\n\n<div class=\"wp-block-cover alignfull prueba\" style=\"min-height:600px;aspect-ratio:unset;\"><span aria-hidden=\"true\" class=\"wp-block-cover__background has-nv-light-bg-background-color has-background-dim-80 has-background-dim\"><\/span><div class=\"wp-block-cover__inner-container is-layout-flow wp-block-cover-is-layout-flow\">\n<div class=\"wp-block-group is-layout-flow wp-block-group-is-layout-flow\">\n<div style=\"height:80px\" aria-hidden=\"true\" class=\"wp-block-spacer\"><\/div>\n\n\n\n<div class=\"wp-block-columns is-layout-flex wp-container-core-columns-is-layout-28f84493 wp-block-columns-is-layout-flex\">\n<div class=\"wp-block-column is-layout-flow wp-block-column-is-layout-flow\" style=\"padding-right:0;padding-left:0;flex-basis:20%\">\n<div class=\"wp-block-group is-vertical is-content-justification-center is-layout-flex wp-container-core-group-is-layout-ce155fab wp-block-group-is-layout-flex\"><\/div>\n<\/div>\n\n\n\n<div class=\"wp-block-column is-layout-flow wp-block-column-is-layout-flow\" style=\"flex-basis:60%\">\n<div class=\"wp-block-group is-vertical is-content-justification-center is-layout-flex wp-container-core-group-is-layout-ce155fab wp-block-group-is-layout-flex\">\n<h2 class=\"wp-block-heading has-text-align-center has-neve-text-color-color has-text-color has-link-color wp-elements-9930fb846cbb00f1e431fed8d37746f4\">Servicio de consultor\u00eda y formaci\u00f3n<\/h2>\n\n\n\n<p class=\"justificado has-neve-text-color-color has-text-color has-link-color wp-elements-7464c0f1d66799d4c48898865f1c98a7\">La inform\u00e1tica es una parte esencial de nuestra vida cotidiana. Tanto a nivel personal como profesional es importante mantenerse al d\u00eda con las nuevas tecnolog\u00edas. Averigua que podemos hacer por ti.<\/p>\n\n\n\n<div style=\"height:0px\" aria-hidden=\"true\" class=\"wp-block-spacer wp-container-content-541a6b20\"><\/div>\n<\/div>\n<\/div>\n\n\n\n<div class=\"wp-block-column is-layout-flow wp-block-column-is-layout-flow\" style=\"flex-basis:20%\">\n<div class=\"wp-block-group is-vertical is-content-justification-center is-layout-flex wp-container-core-group-is-layout-ce155fab wp-block-group-is-layout-flex\"><\/div>\n<\/div>\n<\/div>\n\n\n\n<div class=\"wp-block-columns are-vertically-aligned-center is-layout-flex wp-container-core-columns-is-layout-28f84493 wp-block-columns-is-layout-flex\">\n<div class=\"wp-block-column is-vertically-aligned-center is-layout-flow wp-block-column-is-layout-flow\" style=\"padding-right:var(--wp--preset--spacing--30);padding-left:var(--wp--preset--spacing--30);flex-basis:50%\">\n<figure class=\"wp-block-image size-full has-custom-border\"><img decoding=\"async\" src=\"https:\/\/www.fontun.com\/wp-content\/themes\/neve\/assets\/img\/starter-content\/neve-marketing-agency-15.png\" alt=\"\" style=\"border-radius:16px\"\/><\/figure>\n\n\n\n<div style=\"height:24px\" aria-hidden=\"true\" class=\"wp-block-spacer\"><\/div>\n\n\n\n<h3 class=\"wp-block-heading has-text-align-center has-neve-text-color-color has-text-color\">Para personas<\/h3>\n\n\n\n<p class=\"justificado\">Somos una sociedad cada vez m\u00e1s informatizada. En Inform\u00e1tica Font\u00fan queremos que todos, independientemente de su edad, se sientan c\u00f3modos y capacitados cuando tengan que usar las nuevas tecnolog\u00edas.<\/p>\n\n\n\n<div style=\"height:40px\" aria-hidden=\"true\" class=\"wp-block-spacer\"><\/div>\n<\/div>\n\n\n\n<div class=\"wp-block-column is-vertically-aligned-center is-layout-flow wp-block-column-is-layout-flow\" style=\"padding-right:var(--wp--preset--spacing--30);padding-left:var(--wp--preset--spacing--30);flex-basis:50%\">\n<figure class=\"wp-block-image size-full has-custom-border\"><a href=\"#\"><img decoding=\"async\" src=\"https:\/\/www.fontun.com\/wp-content\/themes\/neve\/assets\/img\/starter-content\/neve-marketing-agency-13.png\" alt=\"\" style=\"border-radius:16px\"\/><\/a><\/figure>\n\n\n\n<div style=\"height:24px\" aria-hidden=\"true\" class=\"wp-block-spacer\"><\/div>\n\n\n\n<h3 class=\"wp-block-heading has-text-align-center has-neve-text-color-color has-text-color\">Para profesionales<\/h3>\n\n\n\n<p class=\"justificado\">La tecnolog\u00eda est\u00e1 pensada para facilitarnos el trabajo y hacernos m\u00e1s productivos&#8230; siempre que sepamos usarla de manera adecuada. Consigue que la inform\u00e1tica trabaje para ti y no en tu contra.<\/p>\n\n\n\n<div style=\"height:40px\" aria-hidden=\"true\" class=\"wp-block-spacer\"><\/div>\n<\/div>\n<\/div>\n<\/div>\n<\/div><\/div>\n\n\n\n<div class=\"wp-block-cover alignfull\" style=\"min-height:600px;aspect-ratio:unset;\"><span aria-hidden=\"true\" class=\"wp-block-cover__background has-nv-site-bg-background-color has-background-dim-100 has-background-dim\"><\/span><div class=\"wp-block-cover__inner-container is-layout-flow wp-block-cover-is-layout-flow\">\n<div class=\"wp-block-group is-layout-flow wp-block-group-is-layout-flow\">\n<div style=\"height:80px\" aria-hidden=\"true\" class=\"wp-block-spacer\"><\/div>\n\n\n\n<div class=\"wp-block-columns are-vertically-aligned-center is-layout-flex wp-container-core-columns-is-layout-28f84493 wp-block-columns-is-layout-flex\">\n<div class=\"wp-block-column is-vertically-aligned-center is-layout-flow wp-block-column-is-layout-flow\" style=\"padding-right:var(--wp--preset--spacing--30);padding-left:var(--wp--preset--spacing--30);flex-basis:50%\">\n<figure class=\"wp-block-image size-full has-custom-border is-style-default\"><img loading=\"lazy\" decoding=\"async\" width=\"1808\" height=\"809\" src=\"https:\/\/www.fontun.com\/wp-content\/uploads\/2025\/03\/diseno_web.png\" alt=\"\" class=\"wp-image-136\" style=\"border-radius:16px\"\/><\/figure>\n<\/div>\n\n\n\n<div class=\"wp-block-column is-vertically-aligned-center is-layout-flow wp-block-column-is-layout-flow\" style=\"padding-right:var(--wp--preset--spacing--30);padding-left:var(--wp--preset--spacing--30);flex-basis:50%\">\n<div style=\"height:20px\" aria-hidden=\"true\" class=\"wp-block-spacer\"><\/div>\n\n\n\n<h2 class=\"wp-block-heading has-text-align-left has-neve-text-color-color has-text-color\">Dise\u00f1o Web y SEO<\/h2>\n\n\n\n<p class=\"has-text-align-left has-neve-text-color-color has-text-color\" id=\"justificado\" style=\"font-size:17px\">Contratar a un profesional para la p\u00e1gina web de tu negocio garantiza una imagen profesional y de confianza, una experiencia de usuario optimizada y adaptada a m\u00f3viles, mejor posicionamiento en buscadores (SEO), ahorro de tiempo y dinero a largo plazo, mantenimiento y soporte t\u00e9cnico continuo, funcionalidades personalizadas para tus necesidades y an\u00e1lisis de rendimiento para mejorar resultados, todo esto traducido en una inversi\u00f3n que impulsa el crecimiento y la visibilidad de tu negocio en internet.<\/p>\n\n\n\n<div class=\"wp-block-buttons has-custom-font-size has-small-font-size is-content-justification-left is-layout-flex wp-container-core-buttons-is-layout-fc4fd283 wp-block-buttons-is-layout-flex\">\n<div class=\"wp-block-button is-style-default\"><a class=\"wp-block-button__link has-nv-text-dark-bg-color has-neve-link-color-background-color has-text-color has-background has-link-color has-custom-font-size wp-element-button\" href=\"https:\/\/www.fontun.com\/index.php\/diseno-web-y-seo\/\" style=\"font-size:16px\">M\u00e1s informaci\u00f3n aqu\u00ed<\/a><\/div>\n<\/div>\n<\/div>\n<\/div>\n\n\n\n<div style=\"height:40px\" aria-hidden=\"true\" class=\"wp-block-spacer\"><\/div>\n<\/div>\n<\/div><\/div>\n\n\n\n<p><\/p>\n","protected":false},"excerpt":{"rendered":"<p>Servicios inform\u00e1ticos Mantenimiento inform\u00e1tico Porque m\u00e1s vale prevenir. Seas una empresa grande o peque\u00f1a, este servicio te interesa Recuperaci\u00f3n de [&hellip;]<\/p>\n","protected":false},"author":1,"featured_media":0,"parent":0,"menu_order":0,"comment_status":"closed","ping_status":"closed","template":"","meta":{"_uag_custom_page_level_css":"","site-sidebar-layout":"default","site-content-layout":"","ast-site-content-layout":"","site-content-style":"default","site-sidebar-style":"default","ast-global-header-display":"","ast-banner-title-visibility":"","ast-main-header-display":"","ast-hfb-above-header-display":"","ast-hfb-below-header-display":"","ast-hfb-mobile-header-display":"","site-post-title":"disabled","ast-breadcrumbs-content":"","ast-featured-img":"","footer-sml-layout":"","theme-transparent-header-meta":"","adv-header-id-meta":"","stick-header-meta":"","header-above-stick-meta":"","header-main-stick-meta":"","header-below-stick-meta":"","astra-migrate-meta-layouts":"default","ast-page-background-enabled":"default","ast-page-background-meta":{"desktop":{"background-color":"var(--ast-global-color-5)","background-image":"","background-repeat":"repeat","background-position":"center center","background-size":"auto","background-attachment":"scroll","background-type":"","background-media":"","overlay-type":"","overlay-color":"","overlay-opacity":"","overlay-gradient":""},"tablet":{"background-color":"","background-image":"","background-repeat":"repeat","background-position":"center center","background-size":"auto","background-attachment":"scroll","background-type":"","background-media":"","overlay-type":"","overlay-color":"","overlay-opacity":"","overlay-gradient":""},"mobile":{"background-color":"","background-image":"","background-repeat":"repeat","background-position":"center center","background-size":"auto","background-attachment":"scroll","background-type":"","background-media":"","overlay-type":"","overlay-color":"","overlay-opacity":"","overlay-gradient":""}},"ast-content-background-meta":{"desktop":{"background-color":"var(--ast-global-color-4)","background-image":"","background-repeat":"repeat","background-position":"center center","background-size":"auto","background-attachment":"scroll","background-type":"","background-media":"","overlay-type":"","overlay-color":"","overlay-opacity":"","overlay-gradient":""},"tablet":{"background-color":"var(--ast-global-color-4)","background-image":"","background-repeat":"repeat","background-position":"center center","background-size":"auto","background-attachment":"scroll","background-type":"","background-media":"","overlay-type":"","overlay-color":"","overlay-opacity":"","overlay-gradient":""},"mobile":{"background-color":"var(--ast-global-color-4)","background-image":"","background-repeat":"repeat","background-position":"center center","background-size":"auto","background-attachment":"scroll","background-type":"","background-media":"","overlay-type":"","overlay-color":"","overlay-opacity":"","overlay-gradient":""}},"footnotes":""},"class_list":["post-16","page","type-page","status-publish","hentry"],"uagb_featured_image_src":{"full":false,"thumbnail":false,"medium":false,"medium_large":false,"large":false,"1536x1536":false,"2048x2048":false},"uagb_author_info":{"display_name":"admin","author_link":"https:\/\/www.fontun.com\/index.php\/author\/admin\/"},"uagb_comment_info":0,"uagb_excerpt":"Servicios inform\u00e1ticos Mantenimiento inform\u00e1tico Porque m\u00e1s vale prevenir. Seas una empresa grande o peque\u00f1a, este servicio te interesa Recuperaci\u00f3n de [&hellip;]","_links":{"self":[{"href":"https:\/\/www.fontun.com\/index.php\/wp-json\/wp\/v2\/pages\/16","targetHints":{"allow":["GET"]}}],"collection":[{"href":"https:\/\/www.fontun.com\/index.php\/wp-json\/wp\/v2\/pages"}],"about":[{"href":"https:\/\/www.fontun.com\/index.php\/wp-json\/wp\/v2\/types\/page"}],"author":[{"embeddable":true,"href":"https:\/\/www.fontun.com\/index.php\/wp-json\/wp\/v2\/users\/1"}],"replies":[{"embeddable":true,"href":"https:\/\/www.fontun.com\/index.php\/wp-json\/wp\/v2\/comments?post=16"}],"version-history":[{"count":23,"href":"https:\/\/www.fontun.com\/index.php\/wp-json\/wp\/v2\/pages\/16\/revisions"}],"predecessor-version":[{"id":278,"href":"https:\/\/www.fontun.com\/index.php\/wp-json\/wp\/v2\/pages\/16\/revisions\/278"}],"wp:attachment":[{"href":"https:\/\/www.fontun.com\/index.php\/wp-json\/wp\/v2\/media?parent=16"}],"curies":[{"name":"wp","href":"https:\/\/api.w.org\/{rel}","templated":true}]}}