{"id":158,"date":"2025-04-03T19:13:16","date_gmt":"2025-04-03T17:13:16","guid":{"rendered":"https:\/\/www.fontun.com\/?page_id=158"},"modified":"2025-04-03T19:13:16","modified_gmt":"2025-04-03T17:13:16","slug":"el-taller","status":"publish","type":"page","link":"https:\/\/www.fontun.com\/index.php\/el-taller\/","title":{"rendered":"El taller"},"content":{"rendered":"\n<div class=\"wp-block-group alignfull has-background is-layout-flow wp-block-group-is-layout-flow\" style=\"background-color:#f5eac1;padding-top:6vw;padding-right:6vw;padding-bottom:6vw;padding-left:6vw\">\n<div class=\"wp-block-group is-vertical is-nowrap is-layout-flex wp-container-core-group-is-layout-36fd9ea3 wp-block-group-is-layout-flex\" style=\"padding-right:0;padding-left:0\">\n<h6 class=\"wp-block-heading has-text-color\" id=\"ecosystem\" style=\"color:#000000;font-size:16px\">\u00a1Dale una Segunda Vida a Tu Ordenador!<\/h6>\n\n\n\n<p class=\"has-text-align-left has-text-color\" style=\"color:#000000;font-size:6vw;font-style:normal;font-weight:700;letter-spacing:0px;line-height:0.9;text-decoration:none;text-transform:none\">Taller Inform\u00e1tico<\/p>\n\n\n\n<p class=\"has-text-color\" style=\"color:#000000;font-size:17px\">\u00a1Bienvenido a nuestra secci\u00f3n de reparaci\u00f3n inform\u00e1tica! Sabemos que tu ordenador es una herramienta esencial en tu vida diaria, y estamos aqu\u00ed para asegurarnos de que funcione como nuevo. En nuestra tienda, no solo reparamos, sino que tambi\u00e9n transformamos. \u00a1Vamos a descubrir c\u00f3mo!<\/p>\n<\/div>\n\n\n\n<div style=\"height:1vw\" aria-hidden=\"true\" class=\"wp-block-spacer\"><\/div>\n\n\n\n<div class=\"wp-block-group alignwide is-vertical is-nowrap is-layout-flex wp-container-core-group-is-layout-7946b6b8 wp-block-group-is-layout-flex\" style=\"padding-top:0;padding-right:0;padding-bottom:0;padding-left:0\">\n<div class=\"wp-block-columns alignwide is-layout-flex wp-container-core-columns-is-layout-21b20327 wp-block-columns-is-layout-flex\">\n<div class=\"wp-block-column is-layout-flow wp-block-column-is-layout-flow\" style=\"flex-basis:33.38%\">\n<p class=\"has-text-color\" style=\"color:#000000;font-size:17px\"><strong>1. Calidad del Resultado<\/strong>: Tu Satisfacci\u00f3n es Nuestra Prioridad<\/p>\n\n\n\n<p class=\"has-text-color\" style=\"color:#000000;font-size:17px\">Cuando traes tu ordenador a nosotros, puedes estar seguro de que est\u00e1 en buenas manos. Nuestro equipo de expertos est\u00e1 altamente capacitado y utiliza las mejores herramientas y t\u00e9cnicas para garantizar que cada reparaci\u00f3n se realice con la m\u00e1xima calidad. No solo reparamos, \u00a1mejoramos! Nos aseguramos de que tu dispositivo no solo funcione, sino que lo haga de manera \u00f3ptima.<\/p>\n\n\n\n<p class=\"has-text-color\" style=\"color:#000000;font-size:17px\"><strong>2. Optimizaci\u00f3n de Recursos:<\/strong> \u00bfReparar o Comprar Nuevo?<\/p>\n\n\n\n<p class=\"has-text-color\" style=\"color:#000000;font-size:17px\">Sabemos que a veces puede ser tentador comprar un ordenador nuevo, pero aqu\u00ed es donde entramos nosotros. Nuestro compromiso es ser transparentes contigo. Si descubrimos que reparar tu equipo es la opci\u00f3n m\u00e1s econ\u00f3mica y efectiva, te lo haremos saber. Nuestro objetivo es ayudarte a tomar la mejor decisi\u00f3n, porque tu satisfacci\u00f3n y tu bolsillo son importantes para nosotros. \u00a1No dudes en preguntarnos!<\/p>\n\n\n\n<div style=\"height:2vw\" aria-hidden=\"true\" class=\"wp-block-spacer\"><\/div>\n<\/div>\n\n\n\n<div class=\"wp-block-column is-layout-flow wp-block-column-is-layout-flow\" style=\"flex-basis:33%\">\n<div style=\"height:2vw\" aria-hidden=\"true\" class=\"wp-block-spacer\"><\/div>\n\n\n\n<figure class=\"wp-block-image alignfull size-full\"><img fetchpriority=\"high\" decoding=\"async\" width=\"1522\" height=\"1582\" src=\"https:\/\/www.fontun.com\/wp-content\/uploads\/2025\/04\/reparacion-de-ordenadores.jpg\" alt=\"\" class=\"wp-image-164\" srcset=\"https:\/\/www.fontun.com\/wp-content\/uploads\/2025\/04\/reparacion-de-ordenadores.jpg 1522w, https:\/\/www.fontun.com\/wp-content\/uploads\/2025\/04\/reparacion-de-ordenadores-289x300.jpg 289w, https:\/\/www.fontun.com\/wp-content\/uploads\/2025\/04\/reparacion-de-ordenadores-985x1024.jpg 985w, https:\/\/www.fontun.com\/wp-content\/uploads\/2025\/04\/reparacion-de-ordenadores-768x798.jpg 768w, https:\/\/www.fontun.com\/wp-content\/uploads\/2025\/04\/reparacion-de-ordenadores-1478x1536.jpg 1478w\" sizes=\"(max-width: 1522px) 100vw, 1522px\" \/><\/figure>\n<\/div>\n\n\n\n<div class=\"wp-block-column is-layout-flow wp-block-column-is-layout-flow\" style=\"flex-basis:33.62%\">\n<p class=\"has-text-color\" style=\"color:#000000;font-size:17px\"><strong>3. Asesor\u00eda para Optimizar Tu Ordenador:<\/strong> \u00a1Dale una Segunda Vida!<\/p>\n\n\n\n<p>Adem\u00e1s de reparar, ofrecemos un servicio de asesor\u00eda personalizado. \u00bfTu ordenador est\u00e1 lento? \u00bfNo sabes si deber\u00edas actualizarlo o cambiarlo? Estamos aqu\u00ed para guiarte. Te proporcionaremos consejos pr\u00e1cticos y soluciones para optimizar el rendimiento de tu equipo, asegur\u00e1ndonos de que siga siendo \u00fatil y eficiente por mucho m\u00e1s tiempo. \u00a1Es como darle una segunda vida!<\/p>\n\n\n\n<p><strong>4. Convi\u00e9rtete en Nuestro Mejor Embajador<\/strong><\/p>\n\n\n\n<p class=\"has-text-color\" style=\"color:#000000;font-size:17px\">Nuestro objetivo es que cada cliente que pasa por nuestras manos se sienta tan satisfecho con nuestro servicio que se convierta en nuestro mejor embajador. Creemos que un cliente feliz es la mejor publicidad. As\u00ed que, si quedas contento con nuestra reparaci\u00f3n, \u00a1no dudes en recomendarnos a tus amigos y familiares!<\/p>\n<\/div>\n<\/div>\n\n\n\n<div class=\"wp-block-columns alignwide is-layout-flex wp-container-core-columns-is-layout-c24efe4f wp-block-columns-is-layout-flex\">\n<div class=\"wp-block-column is-layout-flow wp-block-column-is-layout-flow\" style=\"flex-basis:15%\">\n<figure class=\"wp-block-image size-full\"><img decoding=\"async\" width=\"212\" height=\"300\" src=\"https:\/\/www.fontun.com\/wp-content\/uploads\/2025\/03\/logoVectorizadoFontun-212x300-1.png\" alt=\"\" class=\"wp-image-55\"\/><\/figure>\n<\/div>\n\n\n\n<div class=\"wp-block-column is-vertically-aligned-center is-layout-flow wp-block-column-is-layout-flow\" style=\"flex-basis:85%\">\n<div style=\"height:2vw\" aria-hidden=\"true\" class=\"wp-block-spacer\"><\/div>\n\n\n\n<p class=\"has-text-align-center has-text-color\" style=\"color:#000000;font-size:17px\"><strong>\u00bfListo para Revivir Tu Ordenador?<\/strong><\/p>\n\n\n\n<p class=\"has-text-color\" style=\"color:#000000;font-size:17px\">Si tu ordenador necesita un poco de amor y atenci\u00f3n, \u00a1no dudes en contactarnos! Estamos aqu\u00ed para ayudarte a que tu equipo funcione como nuevo. Recuerda, en nuestra tienda no solo reparamos, \u00a1transformamos!<\/p>\n<\/div>\n<\/div>\n<\/div>\n<\/div>\n","protected":false},"excerpt":{"rendered":"<p>\u00a1Dale una Segunda Vida a Tu Ordenador! Taller Inform\u00e1tico \u00a1Bienvenido a nuestra secci\u00f3n de reparaci\u00f3n inform\u00e1tica! Sabemos que tu ordenador [&hellip;]<\/p>\n","protected":false},"author":1,"featured_media":0,"parent":0,"menu_order":0,"comment_status":"closed","ping_status":"closed","template":"","meta":{"_uag_custom_page_level_css":"","site-sidebar-layout":"default","site-content-layout":"","ast-site-content-layout":"","site-content-style":"default","site-sidebar-style":"default","ast-global-header-display":"","ast-banner-title-visibility":"","ast-main-header-display":"","ast-hfb-above-header-display":"","ast-hfb-below-header-display":"","ast-hfb-mobile-header-display":"","site-post-title":"disabled","ast-breadcrumbs-content":"","ast-featured-img":"","footer-sml-layout":"","theme-transparent-header-meta":"","adv-header-id-meta":"","stick-header-meta":"","header-above-stick-meta":"","header-main-stick-meta":"","header-below-stick-meta":"","astra-migrate-meta-layouts":"default","ast-page-background-enabled":"default","ast-page-background-meta":{"desktop":{"background-color":"var(--ast-global-color-5)","background-image":"","background-repeat":"repeat","background-position":"center center","background-size":"auto","background-attachment":"scroll","background-type":"","background-media":"","overlay-type":"","overlay-color":"","overlay-opacity":"","overlay-gradient":""},"tablet":{"background-color":"","background-image":"","background-repeat":"repeat","background-position":"center center","background-size":"auto","background-attachment":"scroll","background-type":"","background-media":"","overlay-type":"","overlay-color":"","overlay-opacity":"","overlay-gradient":""},"mobile":{"background-color":"","background-image":"","background-repeat":"repeat","background-position":"center center","background-size":"auto","background-attachment":"scroll","background-type":"","background-media":"","overlay-type":"","overlay-color":"","overlay-opacity":"","overlay-gradient":""}},"ast-content-background-meta":{"desktop":{"background-color":"var(--ast-global-color-4)","background-image":"","background-repeat":"repeat","background-position":"center center","background-size":"auto","background-attachment":"scroll","background-type":"","background-media":"","overlay-type":"","overlay-color":"","overlay-opacity":"","overlay-gradient":""},"tablet":{"background-color":"var(--ast-global-color-4)","background-image":"","background-repeat":"repeat","background-position":"center center","background-size":"auto","background-attachment":"scroll","background-type":"","background-media":"","overlay-type":"","overlay-color":"","overlay-opacity":"","overlay-gradient":""},"mobile":{"background-color":"var(--ast-global-color-4)","background-image":"","background-repeat":"repeat","background-position":"center center","background-size":"auto","background-attachment":"scroll","background-type":"","background-media":"","overlay-type":"","overlay-color":"","overlay-opacity":"","overlay-gradient":""}},"footnotes":""},"class_list":["post-158","page","type-page","status-publish","hentry"],"uagb_featured_image_src":{"full":false,"thumbnail":false,"medium":false,"medium_large":false,"large":false,"1536x1536":false,"2048x2048":false},"uagb_author_info":{"display_name":"admin","author_link":"https:\/\/www.fontun.com\/index.php\/author\/admin\/"},"uagb_comment_info":0,"uagb_excerpt":"\u00a1Dale una Segunda Vida a Tu Ordenador! Taller Inform\u00e1tico \u00a1Bienvenido a nuestra secci\u00f3n de reparaci\u00f3n inform\u00e1tica! Sabemos que tu ordenador [&hellip;]","_links":{"self":[{"href":"https:\/\/www.fontun.com\/index.php\/wp-json\/wp\/v2\/pages\/158","targetHints":{"allow":["GET"]}}],"collection":[{"href":"https:\/\/www.fontun.com\/index.php\/wp-json\/wp\/v2\/pages"}],"about":[{"href":"https:\/\/www.fontun.com\/index.php\/wp-json\/wp\/v2\/types\/page"}],"author":[{"embeddable":true,"href":"https:\/\/www.fontun.com\/index.php\/wp-json\/wp\/v2\/users\/1"}],"replies":[{"embeddable":true,"href":"https:\/\/www.fontun.com\/index.php\/wp-json\/wp\/v2\/comments?post=158"}],"version-history":[{"count":4,"href":"https:\/\/www.fontun.com\/index.php\/wp-json\/wp\/v2\/pages\/158\/revisions"}],"predecessor-version":[{"id":172,"href":"https:\/\/www.fontun.com\/index.php\/wp-json\/wp\/v2\/pages\/158\/revisions\/172"}],"wp:attachment":[{"href":"https:\/\/www.fontun.com\/index.php\/wp-json\/wp\/v2\/media?parent=158"}],"curies":[{"name":"wp","href":"https:\/\/api.w.org\/{rel}","templated":true}]}}