{"id":139,"date":"2025-03-31T19:23:45","date_gmt":"2025-03-31T17:23:45","guid":{"rendered":"https:\/\/www.fontun.com\/?page_id=139"},"modified":"2025-04-08T19:55:26","modified_gmt":"2025-04-08T17:55:26","slug":"diseno-web-y-seo","status":"publish","type":"page","link":"https:\/\/www.fontun.com\/index.php\/diseno-web-y-seo\/","title":{"rendered":"Dise\u00f1o Web y SEO"},"content":{"rendered":"\n<p><\/p>\n\n\n\n<div class=\"wp-block-group alignfull prueba has-background is-layout-flow wp-block-group-is-layout-flow\" style=\"background-color:#f5eac1;padding-top:6vw;padding-right:6vw;padding-bottom:6vw;padding-left:6vw\">\n<div class=\"wp-block-group is-vertical is-nowrap is-layout-flex wp-container-core-group-is-layout-36fd9ea3 wp-block-group-is-layout-flex\" style=\"padding-right:0;padding-left:0\">\n<h6 class=\"wp-block-heading has-text-color\" id=\"ecosystem\" style=\"color:#000000;font-size:16px\">Convierte visitas en clientes con una web estrat\u00e9gica, r\u00e1pida, y optimizada para Google.<\/h6>\n\n\n\n<p class=\"has-text-color\" style=\"color:#000000;font-size:4vw;font-style:normal;font-weight:700;letter-spacing:0px;line-height:0.9;text-decoration:none;text-transform:none\">Dise\u00f1o Web Profesional y SEO que Impulsa tu Negocio<\/p>\n\n\n\n<p id=\"justificado\">En un mundo digital cada vez m\u00e1s competitivo, tener una p\u00e1gina web bonita <strong>ya no es suficiente<\/strong>.<br>Necesitas una web que cargue r\u00e1pido, se vea perfecta en m\u00f3viles, y sobre todo, que <strong>posicione bien en Google<\/strong>. En<strong> Inform\u00e1tica Font\u00fan<\/strong>, combinamos <strong>dise\u00f1o web personalizado<\/strong> con estrategias SEO avanzadas para que tu negocio no solo tenga presencia\u2026 sino tambi\u00e9n resultados.<\/p>\n<\/div>\n\n\n\n<div style=\"height:1vw\" aria-hidden=\"true\" class=\"wp-block-spacer\"><\/div>\n\n\n\n<div class=\"wp-block-group alignwide is-vertical is-nowrap is-layout-flex wp-container-core-group-is-layout-7946b6b8 wp-block-group-is-layout-flex\" style=\"padding-top:0;padding-right:0;padding-bottom:0;padding-left:0\">\n<div class=\"wp-block-columns alignwide is-layout-flex wp-container-core-columns-is-layout-21b20327 wp-block-columns-is-layout-flex\">\n<div class=\"wp-block-column is-layout-flow wp-block-column-is-layout-flow\" style=\"flex-basis:33.38%\">\n<p class=\"has-text-color\" style=\"color:#000000;font-size:17px\"><strong>Experiencia en dise\u00f1o y posicionamiento<\/strong><\/p>\n\n\n\n<p class=\"justificado\">No todos los dise\u00f1adores web entienden de SEO. Nosotros s\u00ed. Sabemos la importancia de combinar la est\u00e9tica y el posicionamiento web para un resultado \u00f3ptimo .<\/p>\n\n\n\n<p class=\"has-text-color\" style=\"color:#000000;font-size:17px\"><strong>Dise\u00f1o adaptable y enfocado en las conversiones<\/strong><\/p>\n\n\n\n<p class=\"justificado\">Tu web debe verse y funcionar perfecto en cualquier dispositivo. Creamos sitios responsive, r\u00e1pidos y dise\u00f1ados para convertir visitas en clientes.<\/p>\n\n\n\n<p class=\"has-text-color\" style=\"color:#000000;font-size:17px\"><strong>SEO t\u00e9cnico desde el primer d\u00eda<\/strong><\/p>\n\n\n\n<p class=\"justificado\">Optimizamos tu sitio desde su estructura: tiempos de carga, etiquetas HTML, URL limpias, sitemap, indexaci\u00f3n\u2026 Todo desde la base.<\/p>\n\n\n\n<p class=\"has-text-color\" style=\"color:#000000;font-size:17px\"><\/p>\n<\/div>\n\n\n\n<div class=\"wp-block-column is-layout-flow wp-block-column-is-layout-flow\" style=\"flex-basis:33%\">\n<div style=\"height:2vw\" aria-hidden=\"true\" class=\"wp-block-spacer\"><\/div>\n\n\n\n<figure class=\"wp-block-image size-large\"><img fetchpriority=\"high\" decoding=\"async\" width=\"803\" height=\"1024\" src=\"https:\/\/www.fontun.com\/wp-content\/uploads\/2025\/04\/ben-kolde-bs2Ba7t69mM-unsplash-803x1024.jpg\" alt=\"\" class=\"wp-image-181\" srcset=\"https:\/\/www.fontun.com\/wp-content\/uploads\/2025\/04\/ben-kolde-bs2Ba7t69mM-unsplash-803x1024.jpg 803w, https:\/\/www.fontun.com\/wp-content\/uploads\/2025\/04\/ben-kolde-bs2Ba7t69mM-unsplash-235x300.jpg 235w, https:\/\/www.fontun.com\/wp-content\/uploads\/2025\/04\/ben-kolde-bs2Ba7t69mM-unsplash-768x980.jpg 768w, https:\/\/www.fontun.com\/wp-content\/uploads\/2025\/04\/ben-kolde-bs2Ba7t69mM-unsplash-1204x1536.jpg 1204w, https:\/\/www.fontun.com\/wp-content\/uploads\/2025\/04\/ben-kolde-bs2Ba7t69mM-unsplash-1606x2048.jpg 1606w, https:\/\/www.fontun.com\/wp-content\/uploads\/2025\/04\/ben-kolde-bs2Ba7t69mM-unsplash-scaled.jpg 2007w\" sizes=\"(max-width: 803px) 100vw, 803px\" \/><\/figure>\n<\/div>\n\n\n\n<div class=\"wp-block-column is-layout-flow wp-block-column-is-layout-flow\" style=\"flex-basis:33.62%\">\n<p class=\"has-text-color\" style=\"color:#000000;font-size:17px\"><strong>Estrategia de palabras clave y contenido<\/strong><\/p>\n\n\n\n<p class=\"justificado\">Investigamos tu nicho, analizamos a tu competencia y aplicamos una estrategia de contenido SEO que atrae tr\u00e1fico org\u00e1nico cualificado.<\/p>\n\n\n\n<p class=\"has-text-color\" style=\"color:#000000;font-size:17px\"><strong>Soporte, an\u00e1lisis y mejoras constantes<\/strong><\/p>\n\n\n\n<p class=\"justificado has-text-color\" style=\"color:#000000;font-size:17px\">Soporte, an\u00e1lisis y mejoras constantes<br>No desaparecemos al entregar el sitio. Te acompa\u00f1amos con mantenimiento, reportes SEO y optimizaciones seg\u00fan evoluciona tu negocio.<\/p>\n<\/div>\n<\/div>\n\n\n\n<div class=\"wp-block-columns alignwide is-layout-flex wp-container-core-columns-is-layout-c24efe4f wp-block-columns-is-layout-flex\">\n<div class=\"wp-block-column is-layout-flow wp-block-column-is-layout-flow\" style=\"flex-basis:33%\">\n<div style=\"height:2vw\" aria-hidden=\"true\" class=\"wp-block-spacer\"><\/div>\n\n\n\n<figure class=\"wp-block-image size-large\"><img decoding=\"async\" width=\"1024\" height=\"683\" src=\"https:\/\/www.fontun.com\/wp-content\/uploads\/2025\/04\/fotis-fotopoulos-DuHKoV44prg-unsplash-1024x683.jpg\" alt=\"\" class=\"wp-image-183\" srcset=\"https:\/\/www.fontun.com\/wp-content\/uploads\/2025\/04\/fotis-fotopoulos-DuHKoV44prg-unsplash-1024x683.jpg 1024w, https:\/\/www.fontun.com\/wp-content\/uploads\/2025\/04\/fotis-fotopoulos-DuHKoV44prg-unsplash-300x200.jpg 300w, https:\/\/www.fontun.com\/wp-content\/uploads\/2025\/04\/fotis-fotopoulos-DuHKoV44prg-unsplash-768x512.jpg 768w, https:\/\/www.fontun.com\/wp-content\/uploads\/2025\/04\/fotis-fotopoulos-DuHKoV44prg-unsplash-1536x1024.jpg 1536w, https:\/\/www.fontun.com\/wp-content\/uploads\/2025\/04\/fotis-fotopoulos-DuHKoV44prg-unsplash-2048x1365.jpg 2048w\" sizes=\"(max-width: 1024px) 100vw, 1024px\" \/><\/figure>\n<\/div>\n\n\n\n<div class=\"wp-block-column is-vertically-aligned-center is-layout-flow wp-block-column-is-layout-flow\" style=\"flex-basis:69.2%\">\n<p class=\"has-text-color\" style=\"color:#000000;font-size:17px\"><strong>En resumen<\/strong><\/p>\n\n\n\n<p class=\"justificado has-text-color\" style=\"color:#000000;font-size:17px\">En un mercado saturado de dise\u00f1adores y agencias SEO, destacamos por ofrecer una <strong>soluci\u00f3n integral y personalizada<\/strong>. No solo dise\u00f1amos sitios web visualmente atractivos, sino que los construimos con una base t\u00e9cnica s\u00f3lida que cumple con los est\u00e1ndares de Google. Esto se traduce en <strong>mejor posicionamiento, mayor visibilidad y m\u00e1s conversiones<\/strong> para tu negocio. Nuestra metodolog\u00eda combina creatividad, estrategia y an\u00e1lisis, para que cada decisi\u00f3n est\u00e9 orientada a lograr resultados medibles.<\/p>\n\n\n\n<p class=\"justificado has-text-color\" style=\"color:#000000;font-size:17px\">Contamos con un equipo multidisciplinario y m\u00e1s de X a\u00f1os de experiencia en dise\u00f1o web y SEO. Nos involucramos en cada proyecto como si fuera propio, ofreciendo atenci\u00f3n cercana, reportes claros y un seguimiento constante. Adem\u00e1s, trabajamos con herramientas profesionales de an\u00e1lisis y optimizaci\u00f3n, lo que nos permite anticipar problemas, detectar oportunidades y mantener tu sitio siempre actualizado y competitivo. Si buscas un partner digital comprometido con tu crecimiento, est\u00e1s en el lugar correcto.<\/p>\n<\/div>\n<\/div>\n<\/div>\n<\/div>\n\n\n\n<p><\/p>\n","protected":false},"excerpt":{"rendered":"<p>Convierte visitas en clientes con una web estrat\u00e9gica, r\u00e1pida, y optimizada para Google. Dise\u00f1o Web Profesional y SEO que Impulsa [&hellip;]<\/p>\n","protected":false},"author":1,"featured_media":0,"parent":0,"menu_order":0,"comment_status":"closed","ping_status":"closed","template":"","meta":{"_uag_custom_page_level_css":"","site-sidebar-layout":"default","site-content-layout":"","ast-site-content-layout":"","site-content-style":"default","site-sidebar-style":"default","ast-global-header-display":"","ast-banner-title-visibility":"","ast-main-header-display":"","ast-hfb-above-header-display":"","ast-hfb-below-header-display":"","ast-hfb-mobile-header-display":"","site-post-title":"disabled","ast-breadcrumbs-content":"","ast-featured-img":"","footer-sml-layout":"","theme-transparent-header-meta":"","adv-header-id-meta":"","stick-header-meta":"","header-above-stick-meta":"","header-main-stick-meta":"","header-below-stick-meta":"","astra-migrate-meta-layouts":"default","ast-page-background-enabled":"default","ast-page-background-meta":{"desktop":{"background-color":"var(--ast-global-color-5)","background-image":"","background-repeat":"repeat","background-position":"center center","background-size":"auto","background-attachment":"scroll","background-type":"","background-media":"","overlay-type":"","overlay-color":"","overlay-opacity":"","overlay-gradient":""},"tablet":{"background-color":"","background-image":"","background-repeat":"repeat","background-position":"center center","background-size":"auto","background-attachment":"scroll","background-type":"","background-media":"","overlay-type":"","overlay-color":"","overlay-opacity":"","overlay-gradient":""},"mobile":{"background-color":"","background-image":"","background-repeat":"repeat","background-position":"center center","background-size":"auto","background-attachment":"scroll","background-type":"","background-media":"","overlay-type":"","overlay-color":"","overlay-opacity":"","overlay-gradient":""}},"ast-content-background-meta":{"desktop":{"background-color":"var(--ast-global-color-4)","background-image":"","background-repeat":"repeat","background-position":"center center","background-size":"auto","background-attachment":"scroll","background-type":"","background-media":"","overlay-type":"","overlay-color":"","overlay-opacity":"","overlay-gradient":""},"tablet":{"background-color":"var(--ast-global-color-4)","background-image":"","background-repeat":"repeat","background-position":"center center","background-size":"auto","background-attachment":"scroll","background-type":"","background-media":"","overlay-type":"","overlay-color":"","overlay-opacity":"","overlay-gradient":""},"mobile":{"background-color":"var(--ast-global-color-4)","background-image":"","background-repeat":"repeat","background-position":"center center","background-size":"auto","background-attachment":"scroll","background-type":"","background-media":"","overlay-type":"","overlay-color":"","overlay-opacity":"","overlay-gradient":""}},"footnotes":""},"class_list":["post-139","page","type-page","status-publish","hentry"],"uagb_featured_image_src":{"full":false,"thumbnail":false,"medium":false,"medium_large":false,"large":false,"1536x1536":false,"2048x2048":false},"uagb_author_info":{"display_name":"admin","author_link":"https:\/\/www.fontun.com\/index.php\/author\/admin\/"},"uagb_comment_info":0,"uagb_excerpt":"Convierte visitas en clientes con una web estrat\u00e9gica, r\u00e1pida, y optimizada para Google. Dise\u00f1o Web Profesional y SEO que Impulsa [&hellip;]","_links":{"self":[{"href":"https:\/\/www.fontun.com\/index.php\/wp-json\/wp\/v2\/pages\/139","targetHints":{"allow":["GET"]}}],"collection":[{"href":"https:\/\/www.fontun.com\/index.php\/wp-json\/wp\/v2\/pages"}],"about":[{"href":"https:\/\/www.fontun.com\/index.php\/wp-json\/wp\/v2\/types\/page"}],"author":[{"embeddable":true,"href":"https:\/\/www.fontun.com\/index.php\/wp-json\/wp\/v2\/users\/1"}],"replies":[{"embeddable":true,"href":"https:\/\/www.fontun.com\/index.php\/wp-json\/wp\/v2\/comments?post=139"}],"version-history":[{"count":8,"href":"https:\/\/www.fontun.com\/index.php\/wp-json\/wp\/v2\/pages\/139\/revisions"}],"predecessor-version":[{"id":207,"href":"https:\/\/www.fontun.com\/index.php\/wp-json\/wp\/v2\/pages\/139\/revisions\/207"}],"wp:attachment":[{"href":"https:\/\/www.fontun.com\/index.php\/wp-json\/wp\/v2\/media?parent=139"}],"curies":[{"name":"wp","href":"https:\/\/api.w.org\/{rel}","templated":true}]}}